{"id":84,"date":"2015-11-02T18:59:53","date_gmt":"2015-11-02T17:59:53","guid":{"rendered":"http:\/\/www.vetpraxis-horw.ch\/?page_id=84"},"modified":"2023-10-21T11:59:35","modified_gmt":"2023-10-21T10:59:35","slug":"links","status":"publish","type":"page","link":"http:\/\/www.vetpraxis-horw.ch\/?page_id=84","title":{"rendered":"Links"},"content":{"rendered":"<p><a href=\"https:\/\/www.eichhoernchennotruf.ch\/kontakt\" target=\"_blank\" rel=\"noopener noreferrer\">Eichh\u00f6rnchen Auffangstation<\/a><\/p>\n<p><a href=\"https:\/\/www.tierer.uzh.ch\/de\/services\/Ern%C3%A4hrungsberatungsgfachstelle\/Ern%C3%A4hrungsberatung-Hunde-und-Katzen.html\" target=\"_blank\" rel=\"noopener noreferrer\">Ern\u00e4hrungsberatung<\/a><\/p>\n<p><a href=\"https:\/\/evso.eu\/osteopathy\/history\" target=\"_blank\" rel=\"noopener noreferrer\">Europ\u00e4ische Osteopathievereinigung<\/a><\/p>\n<p><a href=\"http:\/\/www.fledermaus.info\/index.php?id=680\" target=\"_blank\" rel=\"noopener noreferrer\">Flederm\u00e4use<\/a><\/p>\n<p><a href=\"http:\/\/www.meinheimtier.ch\/de\" target=\"_blank\" rel=\"noopener noreferrer\">Heimtierinfos<\/a><\/p>\n<p><a href=\"https:\/\/www.ivas.org\/\" target=\"_blank\" rel=\"noopener noreferrer\">Internationale Akupunkturvereinigung<\/a><\/p>\n<p><a href=\"https:\/\/veterinaerdienst.lu.ch\" target=\"_blank\" rel=\"noopener noreferrer\">Kantonale Beh\u00f6rde<\/a><\/p>\n<p><a href=\"https:\/\/www.blv.admin.ch\/blv\/de\/home\/tiere\/reisen-mit-heimtieren\/online-hilfe-hunde-katzen-frettchen.html\" target=\"_blank\" rel=\"noopener noreferrer\">Nationale Beh\u00f6rde<\/a><\/p>\n<p><a href=\"http:\/\/www.camvet.ch\" target=\"_blank\" rel=\"noopener noreferrer\">Nationale Tier\u00e4rztevereingung f\u00fcr Komplement\u00e4rmedizin<\/a><\/p>\n<p><a href=\"http:\/\/www.svk-asmpa.ch\/\" target=\"_blank\" rel=\"noopener noreferrer\">Nationale Vereinigung f\u00fcr Kleintiermedizin<\/a><\/p>\n<p><a href=\"http:\/\/www.gstsvs.ch\/\" target=\"_blank\" rel=\"noopener noreferrer\">Nationale Vereinigung der Tier\u00e4rzte<\/a><\/p>\n<p><a href=\"https:\/\/www.skg.ch\/erziehungskurse-\" target=\"_blank\" rel=\"noopener noreferrer\">Nationale Kynologische Gesellschaft<\/a><\/p>\n<p><a href=\"http:\/\/www.nagerstation.ch\/index.php\/beratungstelefon\" target=\"_blank\" rel=\"noopener noreferrer\">Nagerberatung<\/a><\/p>\n<p><a href=\"https:\/\/www.agila.de\/images\/Infos-und-Infografiken\/agila-infografik-haustierapotheke-print-a4.pdf\" target=\"_blank\" rel=\"noopener noreferrer\">Haustierapotheke<\/a><\/p>\n<p><a href=\"http:\/\/www.esccap.ch\/site\/news\/der-richtige-parasitenschutz-fur-jedes-land\/\" target=\"_blank\" rel=\"noopener noreferrer\">Parasitenratgeber<\/a><\/p>\n<p><a href=\"http:\/\/pro-igel.ch\/index.php?id=11\" target=\"_blank\" rel=\"noopener noreferrer\">Pro Igel<\/a><\/p>\n<p><a href=\"http:\/\/www.sigs-zs.ch\/index.php?option=com_content&amp;view=article&amp;id=6&amp;Itemid=5\" target=\"_blank\" rel=\"noopener noreferrer\">Schildkr\u00f6ten<\/a><\/p>\n<p><a href=\"https:\/\/www.tierhimmel.ch\/#angebot\" target=\"_blank\" rel=\"noopener noreferrer\">Tierfriedhof Emmenbr\u00fccke<\/a><\/p>\n<p><a href=\"http:\/\/www.tierkrematorium-seon.ch\/site.php?id=21&amp;langid=1\" target=\"_blank\" rel=\"noopener noreferrer\">Tierkremation<\/a><\/p>\n<p><a href=\"http:\/\/www.tierschutz-luzern.ch\/de\/tierheim\" target=\"_blank\" rel=\"noopener noreferrer\">Tierschutz Luzern<\/a><\/p>\n<p><a href=\"http:\/\/www.tierheim-paradiesli.ch\/reservation-fur-tierpension\/\" target=\"_blank\" rel=\"noopener noreferrer\">Tierschutz Ob- und Nidwalden<\/a><\/p>\n<p><a href=\"http:\/\/www.tierschutz.com\/\" target=\"_blank\" rel=\"noopener noreferrer\">Tierschutz Schweiz<\/a><\/p>\n<p><a href=\"https:\/\/www.susyutzinger.ch\/Mediencorner\/Medienmitteilungen\" target=\"_blank\" rel=\"noopener noreferrer\">Tierschutz Susy Utzinger<\/a><\/p>\n<p><a href=\"http:\/\/www.kleintierklinik.unibe.ch\/ueber_uns\/kundeninformationen\/index_ger.html\" target=\"_blank\" rel=\"noopener noreferrer\">Tierspital Bern<\/a><\/p>\n<p><a href=\"http:\/\/www.tierspital.uzh.ch\/de\/kontakt.html\" target=\"_blank\" rel=\"noopener noreferrer\">Tierspital Z\u00fcrich<\/a><\/p>\n<p><a href=\"http:\/\/www.vetpharm.uzh.ch\/clinitox\/klt\/toxfklt.htm\" target=\"_blank\" rel=\"noopener noreferrer\">Vergiftungsnotf\u00e4lle<\/a><\/p>\n<p><a href=\"http:\/\/www.stmz.ch\/de\/index.php?lang=de&amp;page=1&amp;pageId=6\" target=\"_blank\" rel=\"noopener noreferrer\">Vermisste Tiere<\/a><\/p>\n<p><a href=\"http:\/\/www.vogelwarte.ch\/de\/voegel\/ratgeber\/\" target=\"_blank\" rel=\"noopener noreferrer\">Vogelwarte<\/a><\/p>\n<p><a href=\"http:\/\/lookout4dogs.ch\/\" target=\"_blank\" rel=\"noopener noreferrer\">Welpenkauf<\/a><\/p>\n","protected":false},"excerpt":{"rendered":"<p>Eichh\u00f6rnchen Auffangstation Ern\u00e4hrungsberatung Europ\u00e4ische Osteopathievereinigung Flederm\u00e4use Heimtierinfos Internationale Akupunkturvereinigung Kantonale Beh\u00f6rde Nationale Beh\u00f6rde Nationale Tier\u00e4rztevereingung f\u00fcr Komplement\u00e4rmedizin Nationale Vereinigung f\u00fcr Kleintiermedizin Nationale Vereinigung der Tier\u00e4rzte Nationale Kynologische Gesellschaft Nagerberatung Haustierapotheke Parasitenratgeber Pro Igel Schildkr\u00f6ten Tierfriedhof Emmenbr\u00fccke Tierkremation Tierschutz Luzern Tierschutz Ob- und Nidwalden Tierschutz Schweiz Tierschutz Susy Utzinger Tierspital Bern Tierspital Z\u00fcrich Vergiftungsnotf\u00e4lle Vermisste Tiere &hellip; <a href=\"http:\/\/www.vetpraxis-horw.ch\/?page_id=84\" class=\"more-link\"><span class=\"screen-reader-text\">Links<\/span> weiterlesen<\/a><\/p>\n","protected":false},"author":1,"featured_media":0,"parent":22,"menu_order":0,"comment_status":"closed","ping_status":"closed","template":"","meta":{"footnotes":""},"class_list":["post-84","page","type-page","status-publish","hentry"],"_links":{"self":[{"href":"http:\/\/www.vetpraxis-horw.ch\/index.php?rest_route=\/wp\/v2\/pages\/84","targetHints":{"allow":["GET"]}}],"collection":[{"href":"http:\/\/www.vetpraxis-horw.ch\/index.php?rest_route=\/wp\/v2\/pages"}],"about":[{"href":"http:\/\/www.vetpraxis-horw.ch\/index.php?rest_route=\/wp\/v2\/types\/page"}],"author":[{"embeddable":true,"href":"http:\/\/www.vetpraxis-horw.ch\/index.php?rest_route=\/wp\/v2\/users\/1"}],"replies":[{"embeddable":true,"href":"http:\/\/www.vetpraxis-horw.ch\/index.php?rest_route=%2Fwp%2Fv2%2Fcomments&post=84"}],"version-history":[{"count":23,"href":"http:\/\/www.vetpraxis-horw.ch\/index.php?rest_route=\/wp\/v2\/pages\/84\/revisions"}],"predecessor-version":[{"id":484,"href":"http:\/\/www.vetpraxis-horw.ch\/index.php?rest_route=\/wp\/v2\/pages\/84\/revisions\/484"}],"up":[{"embeddable":true,"href":"http:\/\/www.vetpraxis-horw.ch\/index.php?rest_route=\/wp\/v2\/pages\/22"}],"wp:attachment":[{"href":"http:\/\/www.vetpraxis-horw.ch\/index.php?rest_route=%2Fwp%2Fv2%2Fmedia&parent=84"}],"curies":[{"name":"wp","href":"https:\/\/api.w.org\/{rel}","templated":true}]}}