{"id":77,"date":"2015-11-02T18:28:46","date_gmt":"2015-11-02T17:28:46","guid":{"rendered":"http:\/\/www.vetpraxis-horw.ch\/?page_id=77"},"modified":"2015-11-06T15:43:43","modified_gmt":"2015-11-06T14:43:43","slug":"anfahrt","status":"publish","type":"page","link":"http:\/\/www.vetpraxis-horw.ch\/?page_id=77","title":{"rendered":"Anfahrt"},"content":{"rendered":"<p><strong>Kleintierpraxis Horw<\/strong><\/p>\n<p>Gemeindehausplatz 12<\/p>\n<p>6048 Horw<\/p>\n<p>Tel. 041 340 62 12<\/p>\n<p>&nbsp;<\/p>\n<p>info@vetpraxis-horw.ch<\/p>\n<p>www.vetpraxis-horw.ch<\/p>\n<figure id=\"attachment_78\" aria-describedby=\"caption-attachment-78\" style=\"width: 768px\" class=\"wp-caption alignnone\"><a href=\"http:\/\/www.vetpraxis-horw.ch\/wp-content\/uploads\/2015\/11\/chmap.jpg\"><img loading=\"lazy\" decoding=\"async\" class=\"wp-image-78\" src=\"http:\/\/www.vetpraxis-horw.ch\/wp-content\/uploads\/2015\/11\/chmap.jpg\" alt=\"chmap\" width=\"768\" height=\"469\" srcset=\"http:\/\/www.vetpraxis-horw.ch\/wp-content\/uploads\/2015\/11\/chmap.jpg 3408w, http:\/\/www.vetpraxis-horw.ch\/wp-content\/uploads\/2015\/11\/chmap-300x183.jpg 300w, http:\/\/www.vetpraxis-horw.ch\/wp-content\/uploads\/2015\/11\/chmap-1024x625.jpg 1024w\" sizes=\"auto, (max-width: 768px) 100vw, 768px\" \/><\/a><figcaption id=\"caption-attachment-78\" class=\"wp-caption-text\">Zum Vergr\u00f6ssern bitte auf das Bild klicken.<\/figcaption><\/figure>\n<p>&nbsp;<\/p>\n<p><strong>Wegbeschreib ab der Autobahn<\/strong><\/p>\n<p>Autobahnausfahrt Horw-Kriens Richtung Horw Zentrum via Ringstrasse<\/p>\n<p>Parkm\u00f6glichkeit in der Tiefgarage des Gemeindehausplatzes, oder Aussenparkpl\u00e4tze der Post<\/p>\n<p>&nbsp;<\/p>\n<p><strong>Wegbeschreib aus Richtung Luzern<\/strong><\/p>\n<p>Luzern \u00fcber die Allmend Richtung Horw Zentrum, im Kreisverkehr bei der Raiffeisenbank rechts abbiegen via Ringstrasse<\/p>\n<p>Parkm\u00f6glichkeit in der Tiefgarage des Gemeindehausplatzes, oder Aussenparkpl\u00e4tze der Post<\/p>\n<p>&nbsp;<\/p>\n<p><strong>\u00d6ffentlicher Verkehr<\/strong><\/p>\n<p>Bus: Linien 14, 16, 20, 21\u00a0 der Verkehrsbetriebe Luzern bis Horw Zentrum<\/p>\n<p>Zug: Haltestelle Horw der Zentralbahn, mit 5 min Fussweg bis Horw Zentrum<\/p>\n","protected":false},"excerpt":{"rendered":"<p>Kleintierpraxis Horw Gemeindehausplatz 12 6048 Horw Tel. 041 340 62 12 &nbsp; info@vetpraxis-horw.ch www.vetpraxis-horw.ch &nbsp; Wegbeschreib ab der Autobahn Autobahnausfahrt Horw-Kriens Richtung Horw Zentrum via Ringstrasse Parkm\u00f6glichkeit in der Tiefgarage des Gemeindehausplatzes, oder Aussenparkpl\u00e4tze der Post &nbsp; Wegbeschreib aus Richtung Luzern Luzern \u00fcber die Allmend Richtung Horw Zentrum, im Kreisverkehr bei der Raiffeisenbank rechts abbiegen &hellip; <a href=\"http:\/\/www.vetpraxis-horw.ch\/?page_id=77\" class=\"more-link\"><span class=\"screen-reader-text\">Anfahrt<\/span> weiterlesen<\/a><\/p>\n","protected":false},"author":1,"featured_media":0,"parent":22,"menu_order":0,"comment_status":"closed","ping_status":"closed","template":"","meta":{"footnotes":""},"class_list":["post-77","page","type-page","status-publish","hentry"],"_links":{"self":[{"href":"http:\/\/www.vetpraxis-horw.ch\/index.php?rest_route=\/wp\/v2\/pages\/77","targetHints":{"allow":["GET"]}}],"collection":[{"href":"http:\/\/www.vetpraxis-horw.ch\/index.php?rest_route=\/wp\/v2\/pages"}],"about":[{"href":"http:\/\/www.vetpraxis-horw.ch\/index.php?rest_route=\/wp\/v2\/types\/page"}],"author":[{"embeddable":true,"href":"http:\/\/www.vetpraxis-horw.ch\/index.php?rest_route=\/wp\/v2\/users\/1"}],"replies":[{"embeddable":true,"href":"http:\/\/www.vetpraxis-horw.ch\/index.php?rest_route=%2Fwp%2Fv2%2Fcomments&post=77"}],"version-history":[{"count":5,"href":"http:\/\/www.vetpraxis-horw.ch\/index.php?rest_route=\/wp\/v2\/pages\/77\/revisions"}],"predecessor-version":[{"id":155,"href":"http:\/\/www.vetpraxis-horw.ch\/index.php?rest_route=\/wp\/v2\/pages\/77\/revisions\/155"}],"up":[{"embeddable":true,"href":"http:\/\/www.vetpraxis-horw.ch\/index.php?rest_route=\/wp\/v2\/pages\/22"}],"wp:attachment":[{"href":"http:\/\/www.vetpraxis-horw.ch\/index.php?rest_route=%2Fwp%2Fv2%2Fmedia&parent=77"}],"curies":[{"name":"wp","href":"https:\/\/api.w.org\/{rel}","templated":true}]}}