{"id":2,"date":"2015-05-20T21:01:28","date_gmt":"2015-05-20T19:01:28","guid":{"rendered":"http:\/\/www.vetpraxis-horw.ch\/?page_id=2"},"modified":"2026-03-27T12:55:07","modified_gmt":"2026-03-27T11:55:07","slug":"about","status":"publish","type":"page","link":"http:\/\/www.vetpraxis-horw.ch\/?page_id=2","title":{"rendered":"\u00dcber uns"},"content":{"rendered":"<p><a href=\"http:\/\/www.vetpraxis-horw.ch\/wp-content\/uploads\/2015\/05\/Portrait-1.jpg\"><img loading=\"lazy\" decoding=\"async\" class=\"alignnone wp-image-188\" src=\"http:\/\/www.vetpraxis-horw.ch\/wp-content\/uploads\/2015\/05\/Portrait-1.jpg\" alt=\"\" width=\"164\" height=\"190\" srcset=\"http:\/\/www.vetpraxis-horw.ch\/wp-content\/uploads\/2015\/05\/Portrait-1.jpg 639w, http:\/\/www.vetpraxis-horw.ch\/wp-content\/uploads\/2015\/05\/Portrait-1-258x300.jpg 258w\" sizes=\"auto, (max-width: 164px) 100vw, 164px\" \/><\/a><\/p>\n<p><strong>Mirjam Leu,<\/strong> Dr. med. vet., eidg. dipl. Tier\u00e4rztin mit Zusatzausbildung in Tierosteopathie, Tierakupunktur, Berufsbildnerin<\/p>\n<p><a href=\"http:\/\/www.vetpraxis-horw.ch\/wp-content\/uploads\/2022\/11\/Kataneu.jpg\"><img loading=\"lazy\" decoding=\"async\" class=\"alignnone  wp-image-458\" src=\"http:\/\/www.vetpraxis-horw.ch\/wp-content\/uploads\/2022\/11\/Kataneu.jpg\" alt=\"\" width=\"165\" height=\"189\" \/><\/a><\/p>\n<p><strong>Katalin Berndt,<\/strong> Dr. med.vet., Tier\u00e4rztin, Ferienvertretung<\/p>\n<p><strong>Elina Peter,<\/strong> med.vet., Tier\u00e4rztin, Ferienvertretung<\/p>\n<p><a href=\"http:\/\/www.vetpraxis-horw.ch\/wp-content\/uploads\/2025\/04\/gerber0-scaled.jpeg\"><img loading=\"lazy\" decoding=\"async\" class=\"alignnone  wp-image-524\" src=\"http:\/\/www.vetpraxis-horw.ch\/wp-content\/uploads\/2025\/04\/gerber0-257x300.jpeg\" alt=\"\" width=\"166\" height=\"193\" srcset=\"http:\/\/www.vetpraxis-horw.ch\/wp-content\/uploads\/2025\/04\/gerber0-257x300.jpeg 257w, http:\/\/www.vetpraxis-horw.ch\/wp-content\/uploads\/2025\/04\/gerber0-876x1024.jpeg 876w, http:\/\/www.vetpraxis-horw.ch\/wp-content\/uploads\/2025\/04\/gerber0-768x898.jpeg 768w, http:\/\/www.vetpraxis-horw.ch\/wp-content\/uploads\/2025\/04\/gerber0-1314x1536.jpeg 1314w, http:\/\/www.vetpraxis-horw.ch\/wp-content\/uploads\/2025\/04\/gerber0-1752x2048.jpeg 1752w\" sizes=\"auto, (max-width: 166px) 100vw, 166px\" \/><\/a><\/p>\n<p><strong>Jennifer Gerber, <\/strong>eidg. dipl. Tiermedizinische Praxisassistentin<\/p>\n<p><a href=\"http:\/\/www.vetpraxis-horw.ch\/wp-content\/uploads\/2025\/05\/Yvonne.jpg\"><img loading=\"lazy\" decoding=\"async\" class=\"alignnone  wp-image-529\" src=\"http:\/\/www.vetpraxis-horw.ch\/wp-content\/uploads\/2025\/05\/Yvonne-261x300.jpg\" alt=\"\" width=\"165\" height=\"189\" srcset=\"http:\/\/www.vetpraxis-horw.ch\/wp-content\/uploads\/2025\/05\/Yvonne-261x300.jpg 261w, http:\/\/www.vetpraxis-horw.ch\/wp-content\/uploads\/2025\/05\/Yvonne-892x1024.jpg 892w, http:\/\/www.vetpraxis-horw.ch\/wp-content\/uploads\/2025\/05\/Yvonne-768x882.jpg 768w, http:\/\/www.vetpraxis-horw.ch\/wp-content\/uploads\/2025\/05\/Yvonne.jpg 1048w\" sizes=\"auto, (max-width: 165px) 100vw, 165px\" \/><\/a><\/p>\n<p><strong>Yvonne Pfyffer,<\/strong> eidg. dipl. Tiermedizinische Praxisassistentin<\/p>\n<p><a href=\"http:\/\/www.vetpraxis-horw.ch\/wp-content\/uploads\/2025\/08\/Noe-neu.jpg\"><img loading=\"lazy\" decoding=\"async\" class=\"alignnone  wp-image-542\" src=\"http:\/\/www.vetpraxis-horw.ch\/wp-content\/uploads\/2025\/08\/Noe-neu-270x300.jpg\" alt=\"\" width=\"164\" height=\"183\" srcset=\"http:\/\/www.vetpraxis-horw.ch\/wp-content\/uploads\/2025\/08\/Noe-neu-270x300.jpg 270w, http:\/\/www.vetpraxis-horw.ch\/wp-content\/uploads\/2025\/08\/Noe-neu.jpg 396w\" sizes=\"auto, (max-width: 164px) 100vw, 164px\" \/><\/a><\/p>\n<p><strong>Noe Eicher<\/strong>, Lernende &#8211; Tiermedizinische Praxisassistentin<\/p>\n\n\n<p><\/p>\n","protected":false},"excerpt":{"rendered":"<p>Mirjam Leu, Dr. med. vet., eidg. dipl. Tier\u00e4rztin mit Zusatzausbildung in Tierosteopathie, Tierakupunktur, Berufsbildnerin Katalin Berndt, Dr. med.vet., Tier\u00e4rztin, Ferienvertretung Elina Peter, med.vet., Tier\u00e4rztin, Ferienvertretung Jennifer Gerber, eidg. dipl. Tiermedizinische Praxisassistentin Yvonne Pfyffer, eidg. dipl. Tiermedizinische Praxisassistentin Noe Eicher, Lernende &#8211; Tiermedizinische Praxisassistentin<\/p>\n","protected":false},"author":1,"featured_media":0,"parent":22,"menu_order":1,"comment_status":"closed","ping_status":"closed","template":"","meta":{"footnotes":""},"class_list":["post-2","page","type-page","status-publish","hentry"],"_links":{"self":[{"href":"http:\/\/www.vetpraxis-horw.ch\/index.php?rest_route=\/wp\/v2\/pages\/2","targetHints":{"allow":["GET"]}}],"collection":[{"href":"http:\/\/www.vetpraxis-horw.ch\/index.php?rest_route=\/wp\/v2\/pages"}],"about":[{"href":"http:\/\/www.vetpraxis-horw.ch\/index.php?rest_route=\/wp\/v2\/types\/page"}],"author":[{"embeddable":true,"href":"http:\/\/www.vetpraxis-horw.ch\/index.php?rest_route=\/wp\/v2\/users\/1"}],"replies":[{"embeddable":true,"href":"http:\/\/www.vetpraxis-horw.ch\/index.php?rest_route=%2Fwp%2Fv2%2Fcomments&post=2"}],"version-history":[{"count":83,"href":"http:\/\/www.vetpraxis-horw.ch\/index.php?rest_route=\/wp\/v2\/pages\/2\/revisions"}],"predecessor-version":[{"id":560,"href":"http:\/\/www.vetpraxis-horw.ch\/index.php?rest_route=\/wp\/v2\/pages\/2\/revisions\/560"}],"up":[{"embeddable":true,"href":"http:\/\/www.vetpraxis-horw.ch\/index.php?rest_route=\/wp\/v2\/pages\/22"}],"wp:attachment":[{"href":"http:\/\/www.vetpraxis-horw.ch\/index.php?rest_route=%2Fwp%2Fv2%2Fmedia&parent=2"}],"curies":[{"name":"wp","href":"https:\/\/api.w.org\/{rel}","templated":true}]}}